{"id":532,"date":"2021-06-30T19:44:59","date_gmt":"2021-06-30T19:44:59","guid":{"rendered":"https:\/\/praiadopatacho.com\/?page_id=532"},"modified":"2025-08-05T13:08:48","modified_gmt":"2025-08-05T13:08:48","slug":"barefoot-tips","status":"publish","type":"page","link":"https:\/\/praiadopatacho.com\/en\/barefoot-tips\/","title":{"rendered":"Barefoot Tips"},"content":{"rendered":"\t\t<div data-elementor-type=\"wp-page\" data-elementor-id=\"532\" class=\"elementor elementor-532 elementor-250\" data-elementor-post-type=\"page\">\n\t\t\t\t\t\t<section class=\"elementor-section elementor-top-section elementor-element elementor-element-d5b7da0 elementor-section-height-min-height elementor-section-boxed elementor-section-height-default elementor-section-items-middle\" data-id=\"d5b7da0\" data-element_type=\"section\" data-e-type=\"section\" data-settings=\"{&quot;background_background&quot;:&quot;classic&quot;}\">\n\t\t\t\t\t\t\t<div class=\"elementor-background-overlay\"><\/div>\n\t\t\t\t\t\t\t<div class=\"elementor-container elementor-column-gap-default\">\n\t\t\t\t\t<div class=\"elementor-column elementor-col-100 elementor-top-column elementor-element elementor-element-1d6e88a\" data-id=\"1d6e88a\" data-element_type=\"column\" data-e-type=\"column\">\n\t\t\t<div class=\"elementor-widget-wrap elementor-element-populated\">\n\t\t\t\t\t\t<div class=\"elementor-element elementor-element-4eae4f0 elementor-widget elementor-widget-heading\" data-id=\"4eae4f0\" data-element_type=\"widget\" data-e-type=\"widget\" data-widget_type=\"heading.default\">\n\t\t\t\t<div class=\"elementor-widget-container\">\n\t\t\t\t\t<h1 class=\"elementor-heading-title elementor-size-default\">Barefoot Tips<\/h1>\t\t\t\t<\/div>\n\t\t\t\t<\/div>\n\t\t\t\t\t<\/div>\n\t\t<\/div>\n\t\t\t\t\t<\/div>\n\t\t<\/section>\n\t\t\t\t<section class=\"elementor-section elementor-top-section elementor-element elementor-element-01531a7 elementor-section-full_width elementor-section-height-default elementor-section-height-default\" data-id=\"01531a7\" data-element_type=\"section\" data-e-type=\"section\">\n\t\t\t\t\t\t<div class=\"elementor-container elementor-column-gap-default\">\n\t\t\t\t\t<div class=\"elementor-column elementor-col-100 elementor-top-column elementor-element elementor-element-1a54184\" data-id=\"1a54184\" data-element_type=\"column\" data-e-type=\"column\">\n\t\t\t<div class=\"elementor-widget-wrap elementor-element-populated\">\n\t\t\t\t\t\t<div class=\"elementor-element elementor-element-23d7e67 elementor-widget elementor-widget-heading\" data-id=\"23d7e67\" data-element_type=\"widget\" data-e-type=\"widget\" data-widget_type=\"heading.default\">\n\t\t\t\t<div class=\"elementor-widget-container\">\n\t\t\t\t\t<h2 class=\"elementor-heading-title elementor-size-default\">Barefoot Tips Blog<br>Travel Guides &amp; Local Insights from Praia do Patacho<\/h2>\t\t\t\t<\/div>\n\t\t\t\t<\/div>\n\t\t\t\t<div class=\"elementor-element elementor-element-68f0c6a elementor-widget elementor-widget-text-editor\" data-id=\"68f0c6a\" data-element_type=\"widget\" data-e-type=\"widget\" data-widget_type=\"text-editor.default\">\n\t\t\t\t<div class=\"elementor-widget-container\">\n\t\t\t\t\t\t\t\t\t<p>Welcome to the Praia do Patacho Blog \u2014 your go-to source for travel inspiration, curated itineraries, and authentic experiences in Alagoas. Discover everything you need to know to plan your trip to one of Brazil\u2019s most untouched and breathtaking destinations on the northern coast.<br \/><br \/>Here you\u2019ll find travel tips, personalized routes, must-do activities, insights on local cuisine, and insider information about Porto de Pedras, Tatuamunha, S\u00e3o Miguel dos Milagres, and the entire Coral Coast.<br \/><br \/>Whether you\u2019re looking for a romantic getaway, a family vacation, or a deep connection with nature, the Barefoot Tips Blog is your complete guide to experiencing the best of the Brazilian Northeast.<\/p>\t\t\t\t\t\t\t\t<\/div>\n\t\t\t\t<\/div>\n\t\t\t\t\t<\/div>\n\t\t<\/div>\n\t\t\t\t\t<\/div>\n\t\t<\/section>\n\t\t\t\t<section class=\"elementor-section elementor-top-section elementor-element elementor-element-ed57998 elementor-section-boxed elementor-section-height-default elementor-section-height-default\" data-id=\"ed57998\" data-element_type=\"section\" data-e-type=\"section\">\n\t\t\t\t\t\t<div class=\"elementor-container elementor-column-gap-default\">\n\t\t\t\t\t<div class=\"elementor-column elementor-col-100 elementor-top-column elementor-element elementor-element-a323d83\" data-id=\"a323d83\" data-element_type=\"column\" data-e-type=\"column\">\n\t\t\t<div class=\"elementor-widget-wrap elementor-element-populated\">\n\t\t\t\t\t\t<div class=\"elementor-element elementor-element-0c204e8 elementor-grid-1 elementor-posts--thumbnail-left blog elementor-grid-tablet-1 elementor-grid-mobile-1 elementor-widget elementor-widget-posts\" data-id=\"0c204e8\" data-element_type=\"widget\" data-e-type=\"widget\" data-settings=\"{&quot;classic_columns&quot;:&quot;1&quot;,&quot;classic_row_gap&quot;:{&quot;unit&quot;:&quot;px&quot;,&quot;size&quot;:70,&quot;sizes&quot;:[]},&quot;pagination_type&quot;:&quot;numbers&quot;,&quot;classic_columns_tablet&quot;:&quot;1&quot;,&quot;classic_columns_mobile&quot;:&quot;1&quot;,&quot;classic_row_gap_tablet&quot;:{&quot;unit&quot;:&quot;px&quot;,&quot;size&quot;:&quot;&quot;,&quot;sizes&quot;:[]},&quot;classic_row_gap_mobile&quot;:{&quot;unit&quot;:&quot;px&quot;,&quot;size&quot;:&quot;&quot;,&quot;sizes&quot;:[]}}\" data-widget_type=\"posts.classic\">\n\t\t\t\t<div class=\"elementor-widget-container\">\n\t\t\t\t\t\t\t<div class=\"elementor-posts-container elementor-posts elementor-posts--skin-classic elementor-grid\" role=\"list\">\n\t\t\t\t<article class=\"elementor-post elementor-grid-item post-3021 post type-post status-publish format-standard has-post-thumbnail hentry category-blog tag-litoral-alagoano tag-patacho tag-porto-de-pedras tag-praia-do-patacho tag-praias-de-alagoas tag-sao-miguel-dos-milagres-2 tag-viagem-alagoas\" role=\"listitem\">\n\t\t\t\t<a class=\"elementor-post__thumbnail__link\" href=\"https:\/\/praiadopatacho.com\/en\/praia-do-patacho-porto-de-pedras\/\" tabindex=\"-1\" >\n\t\t\t<div class=\"elementor-post__thumbnail\"><img fetchpriority=\"high\" decoding=\"async\" width=\"1920\" height=\"1080\" src=\"https:\/\/praiadopatacho.com\/wp-content\/uploads\/2025\/08\/Branding-Porto-de-pedras-sonar-marketing_01.jpg\" class=\"attachment-2048x2048 size-2048x2048 wp-image-3025\" alt=\"\" srcset=\"https:\/\/praiadopatacho.com\/wp-content\/uploads\/2025\/08\/Branding-Porto-de-pedras-sonar-marketing_01.jpg 1920w, https:\/\/praiadopatacho.com\/wp-content\/uploads\/2025\/08\/Branding-Porto-de-pedras-sonar-marketing_01-300x169.jpg 300w, https:\/\/praiadopatacho.com\/wp-content\/uploads\/2025\/08\/Branding-Porto-de-pedras-sonar-marketing_01-1024x576.jpg 1024w, https:\/\/praiadopatacho.com\/wp-content\/uploads\/2025\/08\/Branding-Porto-de-pedras-sonar-marketing_01-768x432.jpg 768w, https:\/\/praiadopatacho.com\/wp-content\/uploads\/2025\/08\/Branding-Porto-de-pedras-sonar-marketing_01-1536x864.jpg 1536w\" sizes=\"(max-width: 1920px) 100vw, 1920px\" \/><\/div>\n\t\t<\/a>\n\t\t\t\t<div class=\"elementor-post__text\">\n\t\t\t\t<h3 class=\"elementor-post__title\">\n\t\t\t<a href=\"https:\/\/praiadopatacho.com\/en\/praia-do-patacho-porto-de-pedras\/\" >\n\t\t\t\tPorto de Pedras: a verdadeira casa da Praia do Patacho\t\t\t<\/a>\n\t\t<\/h3>\n\t\t\t\t<div class=\"elementor-post__meta-data\">\n\t\t\t\t\t<span class=\"elementor-post-date\">\n\t\t\t06\/08\/2025\t\t<\/span>\n\t\t\t\t<\/div>\n\t\t\t\t<div class=\"elementor-post__excerpt\">\n\t\t\t<p>Muita gente ainda confunde Porto de Pedras com S\u00e3o Miguel dos Milagres, achando que a Praia do Patacho pertence \u00e0 segunda cidade. \u00c9 um engano comum<\/p>\n\t\t<\/div>\n\t\t\n\t\t<a class=\"elementor-post__read-more\" href=\"https:\/\/praiadopatacho.com\/en\/praia-do-patacho-porto-de-pedras\/\" aria-label=\"Read more about Porto de Pedras: a verdadeira casa da Praia do Patacho\" tabindex=\"-1\" >\n\t\t\t\t\t<\/a>\n\n\t\t\t\t<\/div>\n\t\t\t\t<\/article>\n\t\t\t\t<article class=\"elementor-post elementor-grid-item post-2771 post type-post status-publish format-standard has-post-thumbnail hentry category-blog\" role=\"listitem\">\n\t\t\t\t<a class=\"elementor-post__thumbnail__link\" href=\"https:\/\/praiadopatacho.com\/en\/casa-patacho-arte-local-e-contemporanea-a-beira-mar\/\" tabindex=\"-1\" >\n\t\t\t<div class=\"elementor-post__thumbnail\"><img decoding=\"async\" width=\"1284\" height=\"1606\" src=\"https:\/\/praiadopatacho.com\/wp-content\/uploads\/2025\/07\/patacho.jpeg\" class=\"attachment-2048x2048 size-2048x2048 wp-image-2772\" alt=\"\" srcset=\"https:\/\/praiadopatacho.com\/wp-content\/uploads\/2025\/07\/patacho.jpeg 1284w, https:\/\/praiadopatacho.com\/wp-content\/uploads\/2025\/07\/patacho-240x300.jpeg 240w, https:\/\/praiadopatacho.com\/wp-content\/uploads\/2025\/07\/patacho-819x1024.jpeg 819w, https:\/\/praiadopatacho.com\/wp-content\/uploads\/2025\/07\/patacho-768x961.jpeg 768w, https:\/\/praiadopatacho.com\/wp-content\/uploads\/2025\/07\/patacho-1228x1536.jpeg 1228w\" sizes=\"(max-width: 1284px) 100vw, 1284px\" \/><\/div>\n\t\t<\/a>\n\t\t\t\t<div class=\"elementor-post__text\">\n\t\t\t\t<h3 class=\"elementor-post__title\">\n\t\t\t<a href=\"https:\/\/praiadopatacho.com\/en\/casa-patacho-arte-local-e-contemporanea-a-beira-mar\/\" >\n\t\t\t\tCasa Patacho: Arte Local e Contempor\u00e2nea \u00e0 Beira-Mar\t\t\t<\/a>\n\t\t<\/h3>\n\t\t\t\t<div class=\"elementor-post__meta-data\">\n\t\t\t\t\t<span class=\"elementor-post-date\">\n\t\t\t31\/07\/2025\t\t<\/span>\n\t\t\t\t<\/div>\n\t\t\t\t<div class=\"elementor-post__excerpt\">\n\t\t\t<p>A Casa Patacho \u00e9 um verdadeiro ref\u00fagio de beleza artesanal e express\u00e3o cultural. Seu interior \u00e9 cuidadosamente decorado com pe\u00e7as de artesanato local, incluindo tape\u00e7arias feitas \u00e0 m\u00e3o, xilogravuras aut\u00eanticas e objetos \u00fanicos da regi\u00e3o, que refletem o esp\u00edrito do litoral alagoano. Al\u00e9m disso, a casa tamb\u00e9m valoriza a arte<\/p>\n\t\t<\/div>\n\t\t\n\t\t<a class=\"elementor-post__read-more\" href=\"https:\/\/praiadopatacho.com\/en\/casa-patacho-arte-local-e-contemporanea-a-beira-mar\/\" aria-label=\"Read more about Casa Patacho: Arte Local e Contempor\u00e2nea \u00e0 Beira-Mar\" tabindex=\"-1\" >\n\t\t\t\t\t<\/a>\n\n\t\t\t\t<\/div>\n\t\t\t\t<\/article>\n\t\t\t\t<article class=\"elementor-post elementor-grid-item post-2649 post type-post status-publish format-standard has-post-thumbnail hentry category-blog tag-bistro-em-alagoas tag-gastronomia-em-alagoas tag-gastronomia-nordestina-contemporanea tag-patricia-possas tag-praia-do-patacho tag-rota-ecologica tag-sao-miguel-dos-milagres-2\" role=\"listitem\">\n\t\t\t\t<a class=\"elementor-post__thumbnail__link\" href=\"https:\/\/praiadopatacho.com\/en\/patricia-bistro-um-tesouro-gastronomico-a-poucos-minutos-da-praia-do-patacho\/\" tabindex=\"-1\" >\n\t\t\t<div class=\"elementor-post__thumbnail\"><img decoding=\"async\" width=\"1284\" height=\"1438\" src=\"https:\/\/praiadopatacho.com\/wp-content\/uploads\/2025\/07\/visite-restuarante.jpg\" class=\"attachment-2048x2048 size-2048x2048 wp-image-2650\" alt=\"\" srcset=\"https:\/\/praiadopatacho.com\/wp-content\/uploads\/2025\/07\/visite-restuarante.jpg 1284w, https:\/\/praiadopatacho.com\/wp-content\/uploads\/2025\/07\/visite-restuarante-268x300.jpg 268w, https:\/\/praiadopatacho.com\/wp-content\/uploads\/2025\/07\/visite-restuarante-914x1024.jpg 914w, https:\/\/praiadopatacho.com\/wp-content\/uploads\/2025\/07\/visite-restuarante-768x860.jpg 768w\" sizes=\"(max-width: 1284px) 100vw, 1284px\" \/><\/div>\n\t\t<\/a>\n\t\t\t\t<div class=\"elementor-post__text\">\n\t\t\t\t<h3 class=\"elementor-post__title\">\n\t\t\t<a href=\"https:\/\/praiadopatacho.com\/en\/patricia-bistro-um-tesouro-gastronomico-a-poucos-minutos-da-praia-do-patacho\/\" >\n\t\t\t\tPatr\u00edcia Bistr\u00f4: um tesouro gastron\u00f4mico a poucos minutos da Praia do Patacho\t\t\t<\/a>\n\t\t<\/h3>\n\t\t\t\t<div class=\"elementor-post__meta-data\">\n\t\t\t\t\t<span class=\"elementor-post-date\">\n\t\t\t28\/07\/2025\t\t<\/span>\n\t\t\t\t<\/div>\n\t\t\t\t<div class=\"elementor-post__excerpt\">\n\t\t\t<p>Descubra o Patr\u00edcia Bistr\u00f4, um tesouro gastron\u00f4mico na Rota Ecol\u00f3gica, a poucos minutos da Praia do Patacho. Cozinha nordestina com toque contempor\u00e2neo.<\/p>\n\t\t<\/div>\n\t\t\n\t\t<a class=\"elementor-post__read-more\" href=\"https:\/\/praiadopatacho.com\/en\/patricia-bistro-um-tesouro-gastronomico-a-poucos-minutos-da-praia-do-patacho\/\" aria-label=\"Read more about Patr\u00edcia Bistr\u00f4: um tesouro gastron\u00f4mico a poucos minutos da Praia do Patacho\" tabindex=\"-1\" >\n\t\t\t\t\t<\/a>\n\n\t\t\t\t<\/div>\n\t\t\t\t<\/article>\n\t\t\t\t<article class=\"elementor-post elementor-grid-item post-2629 post type-post status-publish format-standard has-post-thumbnail hentry category-blog tag-alagos tag-bandeira-azul tag-camilia-pitanga tag-patacho tag-sao-miguel-dos-milagres\" role=\"listitem\">\n\t\t\t\t<a class=\"elementor-post__thumbnail__link\" href=\"https:\/\/praiadopatacho.com\/en\/uma-vistia-especial-em-2025\/\" tabindex=\"-1\" >\n\t\t\t<div class=\"elementor-post__thumbnail\"><img loading=\"lazy\" decoding=\"async\" width=\"827\" height=\"1027\" src=\"https:\/\/praiadopatacho.com\/wp-content\/uploads\/2025\/07\/IMG_9247.jpg\" class=\"attachment-2048x2048 size-2048x2048 wp-image-2630\" alt=\"\" srcset=\"https:\/\/praiadopatacho.com\/wp-content\/uploads\/2025\/07\/IMG_9247.jpg 827w, https:\/\/praiadopatacho.com\/wp-content\/uploads\/2025\/07\/IMG_9247-242x300.jpg 242w, https:\/\/praiadopatacho.com\/wp-content\/uploads\/2025\/07\/IMG_9247-825x1024.jpg 825w, https:\/\/praiadopatacho.com\/wp-content\/uploads\/2025\/07\/IMG_9247-768x954.jpg 768w\" sizes=\"(max-width: 827px) 100vw, 827px\" \/><\/div>\n\t\t<\/a>\n\t\t\t\t<div class=\"elementor-post__text\">\n\t\t\t\t<h3 class=\"elementor-post__title\">\n\t\t\t<a href=\"https:\/\/praiadopatacho.com\/en\/uma-vistia-especial-em-2025\/\" >\n\t\t\t\tUma vistia especial em 2025\t\t\t<\/a>\n\t\t<\/h3>\n\t\t\t\t<div class=\"elementor-post__meta-data\">\n\t\t\t\t\t<span class=\"elementor-post-date\">\n\t\t\t21\/07\/2025\t\t<\/span>\n\t\t\t\t<\/div>\n\t\t\t\t<div class=\"elementor-post__excerpt\">\n\t\t\t<p>Camila Pitanga na Casa Patacho Que ano incr\u00edvel! Foi um per\u00edodo cheio de trabalho, alegrias e melhorias em nossas casas. A cada dia, nossa regi\u00e3o se torna ainda mais encantadora &#8211; e a Praia do Patacho celebra com orgulho sua terceira Bandeira Azul! Recebemos muitos h\u00f3spedes especiais ao longo do<\/p>\n\t\t<\/div>\n\t\t\n\t\t<a class=\"elementor-post__read-more\" href=\"https:\/\/praiadopatacho.com\/en\/uma-vistia-especial-em-2025\/\" aria-label=\"Read more about Uma vistia especial em 2025\" tabindex=\"-1\" >\n\t\t\t\t\t<\/a>\n\n\t\t\t\t<\/div>\n\t\t\t\t<\/article>\n\t\t\t\t<article class=\"elementor-post elementor-grid-item post-2226 post type-post status-publish format-standard has-post-thumbnail hentry category-blog tag-bandeira-azul-praia-do-patacho tag-ecoturismo-em-alagoas tag-gestao-ambiental-de-praias tag-melhores-praias-do-brasil tag-praia-com-bandeira-azul-no-nordeste tag-praia-do-patacho tag-praias-certificadas-no-brasil tag-praias-limpas-em-alagoas tag-praias-premiadas-no-brasil tag-praias-sustentaveis-em-alagoas tag-qualidade-da-agua-em-praias tag-rota-ecologica-dos-milagres tag-turismo-ecologico-em-porto-de-pedras tag-turismo-sustentavel-em-alagoas\" role=\"listitem\">\n\t\t\t\t<a class=\"elementor-post__thumbnail__link\" href=\"https:\/\/praiadopatacho.com\/en\/praia-do-patacho-recebe-a-bandeira-azul\/\" tabindex=\"-1\" >\n\t\t\t<div class=\"elementor-post__thumbnail\"><img loading=\"lazy\" decoding=\"async\" width=\"1080\" height=\"1080\" src=\"https:\/\/praiadopatacho.com\/wp-content\/uploads\/2021\/10\/blue-flag-beach-ammon-zeus.png\" class=\"attachment-2048x2048 size-2048x2048 wp-image-2673\" alt=\"\" srcset=\"https:\/\/praiadopatacho.com\/wp-content\/uploads\/2021\/10\/blue-flag-beach-ammon-zeus.png 1080w, https:\/\/praiadopatacho.com\/wp-content\/uploads\/2021\/10\/blue-flag-beach-ammon-zeus-300x300.png 300w, https:\/\/praiadopatacho.com\/wp-content\/uploads\/2021\/10\/blue-flag-beach-ammon-zeus-1024x1024.png 1024w, https:\/\/praiadopatacho.com\/wp-content\/uploads\/2021\/10\/blue-flag-beach-ammon-zeus-150x150.png 150w, https:\/\/praiadopatacho.com\/wp-content\/uploads\/2021\/10\/blue-flag-beach-ammon-zeus-768x768.png 768w\" sizes=\"(max-width: 1080px) 100vw, 1080px\" \/><\/div>\n\t\t<\/a>\n\t\t\t\t<div class=\"elementor-post__text\">\n\t\t\t\t<h3 class=\"elementor-post__title\">\n\t\t\t<a href=\"https:\/\/praiadopatacho.com\/en\/praia-do-patacho-recebe-a-bandeira-azul\/\" >\n\t\t\t\tPraia do Patacho: Mais de 4 Anos com a Prestigiada Bandeira Azul de Sustentabilidade\t\t\t<\/a>\n\t\t<\/h3>\n\t\t\t\t<div class=\"elementor-post__meta-data\">\n\t\t\t\t\t<span class=\"elementor-post-date\">\n\t\t\t01\/01\/2025\t\t<\/span>\n\t\t\t\t<\/div>\n\t\t\t\t<div class=\"elementor-post__excerpt\">\n\t\t\t<p>A Praia do Patacho, um dos destinos mais paradis\u00edacos de Alagoas, mant\u00e9m h\u00e1 mais de 4 anos a Bandeira Azul, uma certifica\u00e7\u00e3o internacional que reconhece praias, marinas e embarca\u00e7\u00f5es comprometidas com a sustentabilidade ambiental. Desde a temporada de 2021\/2022, o J\u00fari Internacional do Programa Bandeira Azul divulgou as localidades certificadas,<\/p>\n\t\t<\/div>\n\t\t\n\t\t<a class=\"elementor-post__read-more\" href=\"https:\/\/praiadopatacho.com\/en\/praia-do-patacho-recebe-a-bandeira-azul\/\" aria-label=\"Read more about Praia do Patacho: Mais de 4 Anos com a Prestigiada Bandeira Azul de Sustentabilidade\" tabindex=\"-1\" >\n\t\t\t\t\t<\/a>\n\n\t\t\t\t<\/div>\n\t\t\t\t<\/article>\n\t\t\t\t<\/div>\n\t\t\n\t\t\t\t<div class=\"e-load-more-anchor\" data-page=\"1\" data-max-page=\"2\" data-next-page=\"https:\/\/praiadopatacho.com\/en\/wp-json\/wp\/v2\/pages\/532\/page\/2\/\"><\/div>\n\t\t\t\t<nav class=\"elementor-pagination\" aria-label=\"Pagination\">\n\t\t\t<span aria-current=\"page\" class=\"page-numbers current\"><span class=\"elementor-screen-only\">Page<\/span>1<\/span>\n<a class=\"page-numbers\" href=\"https:\/\/praiadopatacho.com\/en\/wp-json\/wp\/v2\/pages\/532\/page\/2\/\"><span class=\"elementor-screen-only\">Page<\/span>2<\/a>\t\t<\/nav>\n\t\t\t\t\t\t<\/div>\n\t\t\t\t<\/div>\n\t\t\t\t\t<\/div>\n\t\t<\/div>\n\t\t\t\t\t<\/div>\n\t\t<\/section>\n\t\t\t\t<\/div>\n\t\t","protected":false},"excerpt":{"rendered":"<p>Barefoot Tips Barefoot Tips BlogTravel Guides &amp; Local Insights from Praia do Patacho Welcome to the Praia do Patacho Blog \u2014 your go-to source for travel inspiration, curated itineraries, and authentic experiences in Alagoas. Discover everything you need to know to plan your trip to one of Brazil\u2019s most untouched and breathtaking destinations on the [&hellip;]<\/p>\n","protected":false},"author":1,"featured_media":2643,"parent":0,"menu_order":0,"comment_status":"closed","ping_status":"closed","template":"","meta":{"footnotes":""},"class_list":["post-532","page","type-page","status-publish","has-post-thumbnail","hentry"],"yoast_head":"<!-- This site is optimized with the Yoast SEO plugin v27.2 - https:\/\/yoast.com\/product\/yoast-seo-wordpress\/ -->\n<title>Barefoot Tips - Praia do Patacho<\/title>\n<meta name=\"robots\" content=\"index, follow, max-snippet:-1, max-image-preview:large, max-video-preview:-1\" \/>\n<link rel=\"canonical\" href=\"https:\/\/praiadopatacho.com\/en\/barefoot-tips\/\" \/>\n<meta property=\"og:locale\" content=\"en_US\" \/>\n<meta property=\"og:type\" content=\"article\" \/>\n<meta property=\"og:title\" content=\"Praia do Patacho Blog \u2013 Travel Tips &amp; Itineraries for Alagoas, Brazil\" \/>\n<meta property=\"og:description\" content=\"Explore the Barefoot Tips Blog for exclusive travel guides, curated itineraries, and authentic local experiences on the Coral Coast. Discover the best of Praia do Patacho and beyond.\" \/>\n<meta property=\"og:url\" content=\"https:\/\/praiadopatacho.com\/en\/barefoot-tips\/\" \/>\n<meta property=\"og:site_name\" content=\"Praia do Patacho\" \/>\n<meta property=\"article:modified_time\" content=\"2025-08-05T13:08:48+00:00\" \/>\n<meta name=\"twitter:card\" content=\"summary_large_image\" \/>\n<meta name=\"twitter:label1\" content=\"Est. reading time\" \/>\n\t<meta name=\"twitter:data1\" content=\"4 minutes\" \/>\n<script type=\"application\/ld+json\" class=\"yoast-schema-graph\">{\"@context\":\"https:\/\/schema.org\",\"@graph\":[{\"@type\":\"WebPage\",\"@id\":\"https:\/\/praiadopatacho.com\/en\/barefoot-tips\/\",\"url\":\"https:\/\/praiadopatacho.com\/en\/barefoot-tips\/\",\"name\":\"Barefoot Tips - Praia do Patacho\",\"isPartOf\":{\"@id\":\"https:\/\/praiadopatacho.com\/#website\"},\"primaryImageOfPage\":{\"@id\":\"https:\/\/praiadopatacho.com\/en\/barefoot-tips\/#primaryimage\"},\"image\":{\"@id\":\"https:\/\/praiadopatacho.com\/en\/barefoot-tips\/#primaryimage\"},\"thumbnailUrl\":\"https:\/\/praiadopatacho.com\/wp-content\/uploads\/2025\/07\/IMG_0701.heic\",\"datePublished\":\"2021-06-30T19:44:59+00:00\",\"dateModified\":\"2025-08-05T13:08:48+00:00\",\"breadcrumb\":{\"@id\":\"https:\/\/praiadopatacho.com\/en\/barefoot-tips\/#breadcrumb\"},\"inLanguage\":\"en-US\",\"potentialAction\":[{\"@type\":\"ReadAction\",\"target\":[\"https:\/\/praiadopatacho.com\/en\/barefoot-tips\/\"]}]},{\"@type\":\"ImageObject\",\"inLanguage\":\"en-US\",\"@id\":\"https:\/\/praiadopatacho.com\/en\/barefoot-tips\/#primaryimage\",\"url\":\"https:\/\/praiadopatacho.com\/wp-content\/uploads\/2025\/07\/IMG_0701.heic\",\"contentUrl\":\"https:\/\/praiadopatacho.com\/wp-content\/uploads\/2025\/07\/IMG_0701.heic\",\"caption\":\"passeio de jangada\"},{\"@type\":\"BreadcrumbList\",\"@id\":\"https:\/\/praiadopatacho.com\/en\/barefoot-tips\/#breadcrumb\",\"itemListElement\":[{\"@type\":\"ListItem\",\"position\":1,\"name\":\"In\u00edcio\",\"item\":\"https:\/\/praiadopatacho.com\/\"},{\"@type\":\"ListItem\",\"position\":2,\"name\":\"Barefoot Tips\"}]},{\"@type\":\"WebSite\",\"@id\":\"https:\/\/praiadopatacho.com\/#website\",\"url\":\"https:\/\/praiadopatacho.com\/\",\"name\":\"Praia do Patacho\",\"description\":\"\",\"publisher\":{\"@id\":\"https:\/\/praiadopatacho.com\/#organization\"},\"potentialAction\":[{\"@type\":\"SearchAction\",\"target\":{\"@type\":\"EntryPoint\",\"urlTemplate\":\"https:\/\/praiadopatacho.com\/?s={search_term_string}\"},\"query-input\":{\"@type\":\"PropertyValueSpecification\",\"valueRequired\":true,\"valueName\":\"search_term_string\"}}],\"inLanguage\":\"en-US\"},{\"@type\":\"Organization\",\"@id\":\"https:\/\/praiadopatacho.com\/#organization\",\"name\":\"Praia do Patacho\",\"url\":\"https:\/\/praiadopatacho.com\/\",\"logo\":{\"@type\":\"ImageObject\",\"inLanguage\":\"en-US\",\"@id\":\"https:\/\/praiadopatacho.com\/#\/schema\/logo\/image\/\",\"url\":\"https:\/\/praiadopatacho.com\/wp-content\/uploads\/2021\/06\/cropped-logo.png\",\"contentUrl\":\"https:\/\/praiadopatacho.com\/wp-content\/uploads\/2021\/06\/cropped-logo.png\",\"width\":512,\"height\":512,\"caption\":\"Praia do Patacho\"},\"image\":{\"@id\":\"https:\/\/praiadopatacho.com\/#\/schema\/logo\/image\/\"}}]}<\/script>\n<!-- \/ Yoast SEO plugin. -->","yoast_head_json":{"title":"Barefoot Tips - Praia do Patacho","robots":{"index":"index","follow":"follow","max-snippet":"max-snippet:-1","max-image-preview":"max-image-preview:large","max-video-preview":"max-video-preview:-1"},"canonical":"https:\/\/praiadopatacho.com\/en\/barefoot-tips\/","og_locale":"en_US","og_type":"article","og_title":"Praia do Patacho Blog \u2013 Travel Tips & Itineraries for Alagoas, Brazil","og_description":"Explore the Barefoot Tips Blog for exclusive travel guides, curated itineraries, and authentic local experiences on the Coral Coast. Discover the best of Praia do Patacho and beyond.","og_url":"https:\/\/praiadopatacho.com\/en\/barefoot-tips\/","og_site_name":"Praia do Patacho","article_modified_time":"2025-08-05T13:08:48+00:00","twitter_card":"summary_large_image","twitter_misc":{"Est. reading time":"4 minutes"},"schema":{"@context":"https:\/\/schema.org","@graph":[{"@type":"WebPage","@id":"https:\/\/praiadopatacho.com\/en\/barefoot-tips\/","url":"https:\/\/praiadopatacho.com\/en\/barefoot-tips\/","name":"Barefoot Tips - Praia do Patacho","isPartOf":{"@id":"https:\/\/praiadopatacho.com\/#website"},"primaryImageOfPage":{"@id":"https:\/\/praiadopatacho.com\/en\/barefoot-tips\/#primaryimage"},"image":{"@id":"https:\/\/praiadopatacho.com\/en\/barefoot-tips\/#primaryimage"},"thumbnailUrl":"https:\/\/praiadopatacho.com\/wp-content\/uploads\/2025\/07\/IMG_0701.heic","datePublished":"2021-06-30T19:44:59+00:00","dateModified":"2025-08-05T13:08:48+00:00","breadcrumb":{"@id":"https:\/\/praiadopatacho.com\/en\/barefoot-tips\/#breadcrumb"},"inLanguage":"en-US","potentialAction":[{"@type":"ReadAction","target":["https:\/\/praiadopatacho.com\/en\/barefoot-tips\/"]}]},{"@type":"ImageObject","inLanguage":"en-US","@id":"https:\/\/praiadopatacho.com\/en\/barefoot-tips\/#primaryimage","url":"https:\/\/praiadopatacho.com\/wp-content\/uploads\/2025\/07\/IMG_0701.heic","contentUrl":"https:\/\/praiadopatacho.com\/wp-content\/uploads\/2025\/07\/IMG_0701.heic","caption":"passeio de jangada"},{"@type":"BreadcrumbList","@id":"https:\/\/praiadopatacho.com\/en\/barefoot-tips\/#breadcrumb","itemListElement":[{"@type":"ListItem","position":1,"name":"In\u00edcio","item":"https:\/\/praiadopatacho.com\/"},{"@type":"ListItem","position":2,"name":"Barefoot Tips"}]},{"@type":"WebSite","@id":"https:\/\/praiadopatacho.com\/#website","url":"https:\/\/praiadopatacho.com\/","name":"Praia do Patacho","description":"","publisher":{"@id":"https:\/\/praiadopatacho.com\/#organization"},"potentialAction":[{"@type":"SearchAction","target":{"@type":"EntryPoint","urlTemplate":"https:\/\/praiadopatacho.com\/?s={search_term_string}"},"query-input":{"@type":"PropertyValueSpecification","valueRequired":true,"valueName":"search_term_string"}}],"inLanguage":"en-US"},{"@type":"Organization","@id":"https:\/\/praiadopatacho.com\/#organization","name":"Praia do Patacho","url":"https:\/\/praiadopatacho.com\/","logo":{"@type":"ImageObject","inLanguage":"en-US","@id":"https:\/\/praiadopatacho.com\/#\/schema\/logo\/image\/","url":"https:\/\/praiadopatacho.com\/wp-content\/uploads\/2021\/06\/cropped-logo.png","contentUrl":"https:\/\/praiadopatacho.com\/wp-content\/uploads\/2021\/06\/cropped-logo.png","width":512,"height":512,"caption":"Praia do Patacho"},"image":{"@id":"https:\/\/praiadopatacho.com\/#\/schema\/logo\/image\/"}}]}},"_links":{"self":[{"href":"https:\/\/praiadopatacho.com\/en\/wp-json\/wp\/v2\/pages\/532","targetHints":{"allow":["GET"]}}],"collection":[{"href":"https:\/\/praiadopatacho.com\/en\/wp-json\/wp\/v2\/pages"}],"about":[{"href":"https:\/\/praiadopatacho.com\/en\/wp-json\/wp\/v2\/types\/page"}],"author":[{"embeddable":true,"href":"https:\/\/praiadopatacho.com\/en\/wp-json\/wp\/v2\/users\/1"}],"replies":[{"embeddable":true,"href":"https:\/\/praiadopatacho.com\/en\/wp-json\/wp\/v2\/comments?post=532"}],"version-history":[{"count":27,"href":"https:\/\/praiadopatacho.com\/en\/wp-json\/wp\/v2\/pages\/532\/revisions"}],"predecessor-version":[{"id":2950,"href":"https:\/\/praiadopatacho.com\/en\/wp-json\/wp\/v2\/pages\/532\/revisions\/2950"}],"wp:featuredmedia":[{"embeddable":true,"href":"https:\/\/praiadopatacho.com\/en\/wp-json\/wp\/v2\/media\/2643"}],"wp:attachment":[{"href":"https:\/\/praiadopatacho.com\/en\/wp-json\/wp\/v2\/media?parent=532"}],"curies":[{"name":"wp","href":"https:\/\/api.w.org\/{rel}","templated":true}]}}